{"id":7,"date":"2020-01-07T16:38:22","date_gmt":"2020-01-07T16:38:22","guid":{"rendered":"https:\/\/demosites.io\/artist-gb\/?page_id=7"},"modified":"2025-04-06T15:12:00","modified_gmt":"2025-04-06T15:12:00","slug":"ueber","status":"publish","type":"page","link":"https:\/\/tim-welz.de\/?page_id=7","title":{"rendered":"\u00dcber mich"},"content":{"rendered":"\t\t<div data-elementor-type=\"wp-page\" data-elementor-id=\"7\" class=\"elementor elementor-7\">\n\t\t\t\t\t\t<section class=\"elementor-section elementor-top-section elementor-element elementor-element-3fd43b6 elementor-section-full_width elementor-section-height-min-height elementor-section-items-stretch elementor-reverse-mobile elementor-section-height-default\" data-id=\"3fd43b6\" data-element_type=\"section\">\n\t\t\t\t\t\t<div class=\"elementor-container elementor-column-gap-extended\">\n\t\t\t\t\t<div class=\"elementor-column elementor-col-50 elementor-top-column elementor-element elementor-element-f388c6f elementor-hidden-mobile\" data-id=\"f388c6f\" data-element_type=\"column\" data-settings=\"{&quot;background_background&quot;:&quot;classic&quot;}\">\n\t\t\t<div class=\"elementor-widget-wrap\">\n\t\t\t\t\t\t\t<\/div>\n\t\t<\/div>\n\t\t\t\t<div class=\"elementor-column elementor-col-50 elementor-top-column elementor-element elementor-element-6710d9b\" data-id=\"6710d9b\" data-element_type=\"column\">\n\t\t\t<div class=\"elementor-widget-wrap elementor-element-populated\">\n\t\t\t\t\t\t<div class=\"elementor-element elementor-element-ec524d2 elementor-widget elementor-widget-text-editor\" data-id=\"ec524d2\" data-element_type=\"widget\" data-widget_type=\"text-editor.default\">\n\t\t\t\t<div class=\"elementor-widget-container\">\n\t\t\t\t\t\t\t\t\t<p>Mein Name ist Tim Welz \u2013 Fotograf und Filmemacher.\u00a0<\/p><p>Im Jahr 2015 begann ich autodidaktisch mein Abenteuer in der Welt der Fotografie, Filmproduktion und Bildbearbeitung. Seither habe ich vielseitige Erfahrungen gesammelt, insbesondere in der Produktion von Musikvideos und Werbefilmen sowie in der kreativen Konzeption und Umsetzung unterschiedlichster Projekte (Siehe Portfolio).<\/p><p><span style=\"letter-spacing: var(--bodyletterspacing); text-transform: var(--bodytexttransform);\">Nach meinem erfolgreichen Abschluss im foto- und medientechnischen Bereich setze ich zurzeit meine berufliche Weiterentwicklung mit einem Studium der Medien- und Wirtschaftspsychologie an der Hochschule der Medien in Stuttgart fort.<\/span><\/p><p>Mein Leistungsspektrum umfasst die Werbevideografie, Musikvideografie sowie Fotoshootings in unterschiedlichsten Bereichen. Des Weiteren biete ich ma\u00dfgeschneiderte Entwicklung und Realisierung von Social-Media-Auftritten an.<\/p><p>Gemeinsam k\u00f6nnen wir eindrucksvolle visuelle Projekte gestalten, die exakt auf Ihre Bed\u00fcrfnisse zugeschnitten sind. Bei Interesse oder f\u00fcr weitere Informationen stehe ich gerne per E-Mail, Telefon oder \u00fcber Instagram zur Verf\u00fcgung.<\/p>\t\t\t\t\t\t\t\t<\/div>\n\t\t\t\t<\/div>\n\t\t\t\t\t<\/div>\n\t\t<\/div>\n\t\t\t\t\t<\/div>\n\t\t<\/section>\n\t\t\t\t<\/div>\n\t\t","protected":false},"excerpt":{"rendered":"<p>Mein Name ist Tim Welz \u2013 Fotograf und Filmemacher.\u00a0 Im Jahr 2015 begann ich autodidaktisch mein Abenteuer in der Welt der Fotografie, Filmproduktion und Bildbearbeitung. Seither habe ich vielseitige Erfahrungen gesammelt, insbesondere in der Produktion von Musikvideos und Werbefilmen sowie in der kreativen Konzeption und Umsetzung unterschiedlichster Projekte (Siehe Portfolio). Nach meinem erfolgreichen Abschluss im&hellip;&nbsp;<a href=\"https:\/\/tim-welz.de\/?page_id=7\" class=\"\" rel=\"bookmark\">Weiterlesen &raquo;<span class=\"screen-reader-text\">\u00dcber mich<\/span><\/a><\/p>\n","protected":false},"author":1,"featured_media":0,"parent":0,"menu_order":0,"comment_status":"closed","ping_status":"closed","template":"page-templates\/template-pagebuilder-full-width.php","meta":{"neve_meta_sidebar":"full-width","neve_meta_container":"","neve_meta_enable_content_width":"off","neve_meta_content_width":0,"neve_meta_title_alignment":"","neve_meta_author_avatar":"","neve_post_elements_order":"","neve_meta_disable_header":"","neve_meta_disable_footer":"","neve_meta_disable_title":"on","footnotes":""},"class_list":["post-7","page","type-page","status-publish","hentry"],"yoast_head":"<!-- This site is optimized with the Yoast SEO plugin v27.1.1 - https:\/\/yoast.com\/product\/yoast-seo-wordpress\/ -->\n<title>\u00dcber mich - Tim Welz - Photographer &amp; Videographer<\/title>\n<meta name=\"description\" content=\"\u00dcber mich \/\/ Tim Welz \u2014 Creator ll Videography ll Photography \u2014 based in T\u00fcbingen\/Stuttgart\" \/>\n<meta name=\"robots\" content=\"index, follow, max-snippet:-1, max-image-preview:large, max-video-preview:-1\" \/>\n<link rel=\"canonical\" href=\"https:\/\/tim-welz.de\/?page_id=7\" \/>\n<meta property=\"og:locale\" content=\"de_DE\" \/>\n<meta property=\"og:type\" content=\"article\" \/>\n<meta property=\"og:title\" content=\"\u00dcber mich - Tim Welz - Photographer &amp; Videographer\" \/>\n<meta property=\"og:description\" content=\"\u00dcber mich \/\/ Tim Welz \u2014 Creator ll Videography ll Photography \u2014 based in T\u00fcbingen\/Stuttgart\" \/>\n<meta property=\"og:url\" content=\"https:\/\/tim-welz.de\/?page_id=7\" \/>\n<meta property=\"og:site_name\" content=\"Tim Welz - Photographer &amp; Videographer\" \/>\n<meta property=\"article:modified_time\" content=\"2025-04-06T15:12:00+00:00\" \/>\n<meta name=\"twitter:card\" content=\"summary_large_image\" \/>\n<meta name=\"twitter:label1\" content=\"Gesch\u00e4tzte Lesezeit\" \/>\n\t<meta name=\"twitter:data1\" content=\"1\u00a0Minute\" \/>\n<script type=\"application\/ld+json\" class=\"yoast-schema-graph\">{\"@context\":\"https:\/\/schema.org\",\"@graph\":[{\"@type\":\"WebPage\",\"@id\":\"https:\/\/tim-welz.de\/?page_id=7\",\"url\":\"https:\/\/tim-welz.de\/?page_id=7\",\"name\":\"\u00dcber mich - Tim Welz - Photographer &amp; Videographer\",\"isPartOf\":{\"@id\":\"https:\/\/tim-welz.de\/#website\"},\"datePublished\":\"2020-01-07T16:38:22+00:00\",\"dateModified\":\"2025-04-06T15:12:00+00:00\",\"description\":\"\u00dcber mich \/\/ Tim Welz \u2014 Creator ll Videography ll Photography \u2014 based in T\u00fcbingen\/Stuttgart\",\"breadcrumb\":{\"@id\":\"https:\/\/tim-welz.de\/?page_id=7#breadcrumb\"},\"inLanguage\":\"de\",\"potentialAction\":[{\"@type\":\"ReadAction\",\"target\":[\"https:\/\/tim-welz.de\/?page_id=7\"]}]},{\"@type\":\"BreadcrumbList\",\"@id\":\"https:\/\/tim-welz.de\/?page_id=7#breadcrumb\",\"itemListElement\":[{\"@type\":\"ListItem\",\"position\":1,\"name\":\"Startseite\",\"item\":\"https:\/\/tim-welz.de\/\"},{\"@type\":\"ListItem\",\"position\":2,\"name\":\"\u00dcber mich\"}]},{\"@type\":\"WebSite\",\"@id\":\"https:\/\/tim-welz.de\/#website\",\"url\":\"https:\/\/tim-welz.de\/\",\"name\":\"Tim Welz - Photographer &amp; Videographer\",\"description\":\"\",\"potentialAction\":[{\"@type\":\"SearchAction\",\"target\":{\"@type\":\"EntryPoint\",\"urlTemplate\":\"https:\/\/tim-welz.de\/?s={search_term_string}\"},\"query-input\":{\"@type\":\"PropertyValueSpecification\",\"valueRequired\":true,\"valueName\":\"search_term_string\"}}],\"inLanguage\":\"de\"}]}<\/script>\n<!-- \/ Yoast SEO plugin. -->","yoast_head_json":{"title":"\u00dcber mich - Tim Welz - Photographer &amp; Videographer","description":"\u00dcber mich \/\/ Tim Welz \u2014 Creator ll Videography ll Photography \u2014 based in T\u00fcbingen\/Stuttgart","robots":{"index":"index","follow":"follow","max-snippet":"max-snippet:-1","max-image-preview":"max-image-preview:large","max-video-preview":"max-video-preview:-1"},"canonical":"https:\/\/tim-welz.de\/?page_id=7","og_locale":"de_DE","og_type":"article","og_title":"\u00dcber mich - Tim Welz - Photographer &amp; Videographer","og_description":"\u00dcber mich \/\/ Tim Welz \u2014 Creator ll Videography ll Photography \u2014 based in T\u00fcbingen\/Stuttgart","og_url":"https:\/\/tim-welz.de\/?page_id=7","og_site_name":"Tim Welz - Photographer &amp; Videographer","article_modified_time":"2025-04-06T15:12:00+00:00","twitter_card":"summary_large_image","twitter_misc":{"Gesch\u00e4tzte Lesezeit":"1\u00a0Minute"},"schema":{"@context":"https:\/\/schema.org","@graph":[{"@type":"WebPage","@id":"https:\/\/tim-welz.de\/?page_id=7","url":"https:\/\/tim-welz.de\/?page_id=7","name":"\u00dcber mich - Tim Welz - Photographer &amp; Videographer","isPartOf":{"@id":"https:\/\/tim-welz.de\/#website"},"datePublished":"2020-01-07T16:38:22+00:00","dateModified":"2025-04-06T15:12:00+00:00","description":"\u00dcber mich \/\/ Tim Welz \u2014 Creator ll Videography ll Photography \u2014 based in T\u00fcbingen\/Stuttgart","breadcrumb":{"@id":"https:\/\/tim-welz.de\/?page_id=7#breadcrumb"},"inLanguage":"de","potentialAction":[{"@type":"ReadAction","target":["https:\/\/tim-welz.de\/?page_id=7"]}]},{"@type":"BreadcrumbList","@id":"https:\/\/tim-welz.de\/?page_id=7#breadcrumb","itemListElement":[{"@type":"ListItem","position":1,"name":"Startseite","item":"https:\/\/tim-welz.de\/"},{"@type":"ListItem","position":2,"name":"\u00dcber mich"}]},{"@type":"WebSite","@id":"https:\/\/tim-welz.de\/#website","url":"https:\/\/tim-welz.de\/","name":"Tim Welz - Photographer &amp; Videographer","description":"","potentialAction":[{"@type":"SearchAction","target":{"@type":"EntryPoint","urlTemplate":"https:\/\/tim-welz.de\/?s={search_term_string}"},"query-input":{"@type":"PropertyValueSpecification","valueRequired":true,"valueName":"search_term_string"}}],"inLanguage":"de"}]}},"_links":{"self":[{"href":"https:\/\/tim-welz.de\/index.php?rest_route=\/wp\/v2\/pages\/7","targetHints":{"allow":["GET"]}}],"collection":[{"href":"https:\/\/tim-welz.de\/index.php?rest_route=\/wp\/v2\/pages"}],"about":[{"href":"https:\/\/tim-welz.de\/index.php?rest_route=\/wp\/v2\/types\/page"}],"author":[{"embeddable":true,"href":"https:\/\/tim-welz.de\/index.php?rest_route=\/wp\/v2\/users\/1"}],"replies":[{"embeddable":true,"href":"https:\/\/tim-welz.de\/index.php?rest_route=%2Fwp%2Fv2%2Fcomments&post=7"}],"version-history":[{"count":93,"href":"https:\/\/tim-welz.de\/index.php?rest_route=\/wp\/v2\/pages\/7\/revisions"}],"predecessor-version":[{"id":2011,"href":"https:\/\/tim-welz.de\/index.php?rest_route=\/wp\/v2\/pages\/7\/revisions\/2011"}],"wp:attachment":[{"href":"https:\/\/tim-welz.de\/index.php?rest_route=%2Fwp%2Fv2%2Fmedia&parent=7"}],"curies":[{"name":"wp","href":"https:\/\/api.w.org\/{rel}","templated":true}]}}